{"id":453,"date":"2016-06-09T17:08:58","date_gmt":"2016-06-09T17:08:58","guid":{"rendered":"https:\/\/momentumbusinesscenter.com\/?page_id=453&#038;lang=es"},"modified":"2023-09-26T15:05:10","modified_gmt":"2023-09-26T19:05:10","slug":"oficinas-virtuales","status":"publish","type":"page","link":"https:\/\/momentumbusinesscenter.com\/es\/oficinas-virtuales\/","title":{"rendered":"Oficinas Virtuales"},"content":{"rendered":"<section class=\"one-half\">\n<h1>Oficinas Virtuales<\/h1>\n<p>Necesitas una direcci\u00f3n oficial para tu negocio pero trabajas en otro lugar ? Nuestras Oficinas Virtuales son la soluci\u00f3n perfecta para quienes desean mantener una apariencia profesional, al mismo tiempo que disfrutan de\u00a0 los principales beneficios sin tener que pagar los\u00a0 costos de una oficina ejecutiva.<\/p>\n<p>Nuestros servicio de Oficina Virtual esta inclu\u00eddo:<\/p>\n<table>\n<tbody>\n<tr>\n<td>\n<ul class=\"checkmark\">\n<li>Direcci\u00f3n Oficial<\/li>\n<li>Publicaci\u00f3n en Directorio<\/li>\n<li>Recepci\u00f3n de Correspondencia<\/li>\n<li>Reenvio de Correspondencia<\/li>\n<li>Publicaci\u00f3n Profesional y Legal de Licencia<\/li>\n<li>Anuncio en conformidad con la legislaci\u00f3n laboral<\/li>\n<li>Servicios de Agente Oficial<\/li>\n<li>Acceso a Sala de Conferencias<\/li>\n<li>Acceso a Equipos de Video Conferencia<\/li>\n<\/ul>\n<\/td>\n<td>\n<ul class=\"checkmark\">\n<li>Renta de Suites disponible<\/li>\n<li>Soporte T\u00e9cnico disponible<\/li>\n<li>Numero Telef\u00f3nico Local Asignado<\/li>\n<li>Mensaje de voz 24 Horas<\/li>\n<li>Acceso Remoto a Configuracion Telef\u00f3nica<\/li>\n<li>Redireccionamiento\u00a0 de Llamadas<\/li>\n<li>Servicios de Correo<\/li>\n<li>Entrega y Retiro de paquetes<\/li>\n<li>Servicio de Firma por Recepci\u00f3n de Paquetes<\/li>\n<li>Correspondencia Certificada<\/li>\n<li>Presentaci\u00f3n de art\u00edculos de la organizaci\u00f3n<\/li>\n<\/ul>\n<\/td>\n<\/tr>\n<\/tbody>\n<\/table>\n<\/section>\n<section class=\"one-half column-last\">\n<div id=\"layerslider_9_1gtqhuxlrnpcf\" class=\"ls-wp-container fitvidsignore ls-selectable\" style=\"width:600px;height:336px;margin:0 auto;margin-bottom: 0px;\">\n<div class=\"ls-slide\" data-ls=\"bgsize:cover;duration:4000;\"><img loading=\"lazy\" decoding=\"async\" width=\"2560\" height=\"1920\" src=\"https:\/\/momentumbusinesscenter.com\/wp-content\/uploads\/2025\/11\/Ariel-Building.webp\" class=\"ls-bg\" alt=\"\" srcset=\"https:\/\/momentumbusinesscenter.com\/wp-content\/uploads\/2025\/11\/Ariel-Building.webp 2560w, https:\/\/momentumbusinesscenter.com\/wp-content\/uploads\/2025\/11\/Ariel-Building-300x225.webp 300w, https:\/\/momentumbusinesscenter.com\/wp-content\/uploads\/2025\/11\/Ariel-Building-1024x768.webp 1024w, https:\/\/momentumbusinesscenter.com\/wp-content\/uploads\/2025\/11\/Ariel-Building-1536x1152.webp 1536w, https:\/\/momentumbusinesscenter.com\/wp-content\/uploads\/2025\/11\/Ariel-Building-2048x1536.webp 2048w\" sizes=\"auto, (max-width: 2560px) 100vw, 2560px\" \/><\/div>\n<div class=\"ls-slide\" data-ls=\"bgsize:cover;duration:4000;\"><img loading=\"lazy\" decoding=\"async\" width=\"1200\" height=\"810\" src=\"https:\/\/momentumbusinesscenter.com\/wp-content\/uploads\/2014\/11\/Picture0051.jpg\" class=\"ls-bg\" alt=\"\" srcset=\"https:\/\/momentumbusinesscenter.com\/wp-content\/uploads\/2014\/11\/Picture0051.jpg 1200w, https:\/\/momentumbusinesscenter.com\/wp-content\/uploads\/2014\/11\/Picture0051-300x202.jpg 300w, https:\/\/momentumbusinesscenter.com\/wp-content\/uploads\/2014\/11\/Picture0051-1024x691.jpg 1024w\" sizes=\"auto, (max-width: 1200px) 100vw, 1200px\" \/><\/div>\n<div class=\"ls-slide\" data-ls=\"bgsize:cover;duration:4000;\"><img loading=\"lazy\" decoding=\"async\" width=\"1200\" height=\"810\" src=\"https:\/\/momentumbusinesscenter.com\/wp-content\/uploads\/2014\/11\/Picture0041.jpg\" class=\"ls-bg\" alt=\"\" srcset=\"https:\/\/momentumbusinesscenter.com\/wp-content\/uploads\/2014\/11\/Picture0041.jpg 1200w, https:\/\/momentumbusinesscenter.com\/wp-content\/uploads\/2014\/11\/Picture0041-300x202.jpg 300w, https:\/\/momentumbusinesscenter.com\/wp-content\/uploads\/2014\/11\/Picture0041-1024x691.jpg 1024w\" sizes=\"auto, (max-width: 1200px) 100vw, 1200px\" \/><\/div>\n<div class=\"ls-slide\" data-ls=\"bgsize:cover;duration:4000;\"><img loading=\"lazy\" decoding=\"async\" width=\"760\" height=\"504\" src=\"https:\/\/momentumbusinesscenter.com\/wp-content\/uploads\/2014\/11\/office041.jpg\" class=\"ls-bg\" alt=\"\" srcset=\"https:\/\/momentumbusinesscenter.com\/wp-content\/uploads\/2014\/11\/office041.jpg 760w, https:\/\/momentumbusinesscenter.com\/wp-content\/uploads\/2014\/11\/office041-300x198.jpg 300w\" sizes=\"auto, (max-width: 760px) 100vw, 760px\" \/><\/div>\n<\/div>\n<\/section>\n<div class=\"clear\"><\/div>\n","protected":false},"excerpt":{"rendered":"","protected":false},"author":1,"featured_media":0,"parent":0,"menu_order":0,"comment_status":"open","ping_status":"open","template":"template-page-fullwidth.php","meta":{"footnotes":""},"class_list":["post-453","page","type-page","status-publish","hentry"],"_links":{"self":[{"href":"https:\/\/momentumbusinesscenter.com\/es\/wp-json\/wp\/v2\/pages\/453","targetHints":{"allow":["GET"]}}],"collection":[{"href":"https:\/\/momentumbusinesscenter.com\/es\/wp-json\/wp\/v2\/pages"}],"about":[{"href":"https:\/\/momentumbusinesscenter.com\/es\/wp-json\/wp\/v2\/types\/page"}],"author":[{"embeddable":true,"href":"https:\/\/momentumbusinesscenter.com\/es\/wp-json\/wp\/v2\/users\/1"}],"replies":[{"embeddable":true,"href":"https:\/\/momentumbusinesscenter.com\/es\/wp-json\/wp\/v2\/comments?post=453"}],"version-history":[{"count":5,"href":"https:\/\/momentumbusinesscenter.com\/es\/wp-json\/wp\/v2\/pages\/453\/revisions"}],"predecessor-version":[{"id":1064,"href":"https:\/\/momentumbusinesscenter.com\/es\/wp-json\/wp\/v2\/pages\/453\/revisions\/1064"}],"wp:attachment":[{"href":"https:\/\/momentumbusinesscenter.com\/es\/wp-json\/wp\/v2\/media?parent=453"}],"curies":[{"name":"wp","href":"https:\/\/api.w.org\/{rel}","templated":true}]}}