{"id":478,"date":"2016-06-09T22:54:30","date_gmt":"2016-06-09T22:54:30","guid":{"rendered":"https:\/\/momentumbusinesscenter.com\/pt-br\/?page_id=478"},"modified":"2019-11-11T06:06:43","modified_gmt":"2019-11-11T06:06:43","slug":"escritorios-fisicos","status":"publish","type":"page","link":"https:\/\/momentumbusinesscenter.com\/pt-br\/escritorios-fisicos\/","title":{"rendered":"Escrit\u00f3rios  F\u00edsicos"},"content":{"rendered":"<section class=\"one-half\">\n<h2><strong>Plano <\/strong><\/h2>\n<p class=\"p1\">Clique na miniatura para ver o plano da planta<\/p>\n<\/section>\n<section class=\"one-half column-last\"><a href=\"https:\/\/momentumbusinesscenter.com\/pt-br\/planta\/\"><img loading=\"lazy\" decoding=\"async\" class=\"aligncenter wp-image-303 size-full\" src=\"https:\/\/momentumbusinesscenter.com\/wp-content\/uploads\/2014\/09\/floor-plan11.png\" alt=\"floor-plan\" width=\"320\" height=\"242\" srcset=\"https:\/\/momentumbusinesscenter.com\/wp-content\/uploads\/2014\/09\/floor-plan11.png 320w, https:\/\/momentumbusinesscenter.com\/wp-content\/uploads\/2014\/09\/floor-plan11-300x227.png 300w\" sizes=\"auto, (max-width: 320px) 100vw, 320px\" \/><\/a><\/section>\n<div class=\"clear\"><\/div>\n<section class=\"one-half\">\n<h2><strong>Suites Privadas com Janelas<\/strong><\/h2>\n<p>Nossas grandes suites executivas privadas com janelas oferecem vistas panor\u00e2micas de South Beach e muita luz natural. Esta \u00e9 uma excelente escolha para acomodar at\u00e9 4 pessoas, ou mant\u00ea-lo apenas para voc\u00ea.<\/p>\n<\/section>\n<section class=\"one-half column-last\">\n<div id=\"layerslider_5_xhac07o5biv8\" class=\"ls-wp-container fitvidsignore ls-selectable\" style=\"width:600px;height:336px;margin:0 auto;margin-bottom: 0px;\">\n<div class=\"ls-slide\" data-ls=\"bgsize:cover;duration:4000;\"><img loading=\"lazy\" decoding=\"async\" width=\"2560\" height=\"1920\" src=\"https:\/\/momentumbusinesscenter.com\/wp-content\/uploads\/2025\/11\/Private-Window-1.webp\" class=\"ls-bg\" alt=\"\" srcset=\"https:\/\/momentumbusinesscenter.com\/wp-content\/uploads\/2025\/11\/Private-Window-1.webp 2560w, https:\/\/momentumbusinesscenter.com\/wp-content\/uploads\/2025\/11\/Private-Window-1-300x225.webp 300w, https:\/\/momentumbusinesscenter.com\/wp-content\/uploads\/2025\/11\/Private-Window-1-1024x768.webp 1024w, https:\/\/momentumbusinesscenter.com\/wp-content\/uploads\/2025\/11\/Private-Window-1-1536x1152.webp 1536w, https:\/\/momentumbusinesscenter.com\/wp-content\/uploads\/2025\/11\/Private-Window-1-2048x1536.webp 2048w\" sizes=\"auto, (max-width: 2560px) 100vw, 2560px\" \/><\/div>\n<div class=\"ls-slide\" data-ls=\"bgsize:cover;duration:4000;\"><img loading=\"lazy\" decoding=\"async\" width=\"2560\" height=\"1932\" src=\"https:\/\/momentumbusinesscenter.com\/wp-content\/uploads\/2025\/11\/Private-Window-2.webp\" class=\"ls-bg\" alt=\"\" srcset=\"https:\/\/momentumbusinesscenter.com\/wp-content\/uploads\/2025\/11\/Private-Window-2.webp 2560w, https:\/\/momentumbusinesscenter.com\/wp-content\/uploads\/2025\/11\/Private-Window-2-300x226.webp 300w, https:\/\/momentumbusinesscenter.com\/wp-content\/uploads\/2025\/11\/Private-Window-2-1024x773.webp 1024w, https:\/\/momentumbusinesscenter.com\/wp-content\/uploads\/2025\/11\/Private-Window-2-1536x1159.webp 1536w, https:\/\/momentumbusinesscenter.com\/wp-content\/uploads\/2025\/11\/Private-Window-2-2048x1546.webp 2048w\" sizes=\"auto, (max-width: 2560px) 100vw, 2560px\" \/><\/div>\n<\/div>\n<\/section>\n<div class=\"clear\"><\/div>\n<section class=\"one-half\">\n<h2><strong>Suites Privadas Interiores <\/strong><\/h2>\n<p>Procurando um escrit\u00f3rio grande e privado dentro do nosso espa\u00e7o contempor\u00e2neo, mas n\u00e3o precisa de uma vis\u00e3o direta de janela? Estes escrit\u00f3rios s\u00e3o uma solu\u00e7\u00e3o econ\u00f4mica para 1 ou ate 4 pessoas.<\/p>\n<\/section>\n<section class=\"one-half column-last\">\n<div id=\"layerslider_6_h7824zn0hapz\" class=\"ls-wp-container fitvidsignore ls-selectable\" style=\"width:600px;height:336px;margin:0 auto;margin-bottom: 0px;\">\n<div class=\"ls-slide\" data-ls=\"bgsize:cover;duration:4000;\"><img loading=\"lazy\" decoding=\"async\" width=\"2560\" height=\"1920\" src=\"https:\/\/momentumbusinesscenter.com\/wp-content\/uploads\/2025\/11\/Private-Interior-1.webp\" class=\"ls-bg\" alt=\"\" srcset=\"https:\/\/momentumbusinesscenter.com\/wp-content\/uploads\/2025\/11\/Private-Interior-1.webp 2560w, https:\/\/momentumbusinesscenter.com\/wp-content\/uploads\/2025\/11\/Private-Interior-1-300x225.webp 300w, https:\/\/momentumbusinesscenter.com\/wp-content\/uploads\/2025\/11\/Private-Interior-1-1024x768.webp 1024w, https:\/\/momentumbusinesscenter.com\/wp-content\/uploads\/2025\/11\/Private-Interior-1-1536x1152.webp 1536w, https:\/\/momentumbusinesscenter.com\/wp-content\/uploads\/2025\/11\/Private-Interior-1-2048x1536.webp 2048w\" sizes=\"auto, (max-width: 2560px) 100vw, 2560px\" \/><\/div>\n<div class=\"ls-slide\" data-ls=\"bgsize:cover;duration:4000;\"><img loading=\"lazy\" decoding=\"async\" width=\"2560\" height=\"1920\" src=\"https:\/\/momentumbusinesscenter.com\/wp-content\/uploads\/2025\/11\/Private-Interior-2.webp\" class=\"ls-bg\" alt=\"\" srcset=\"https:\/\/momentumbusinesscenter.com\/wp-content\/uploads\/2025\/11\/Private-Interior-2.webp 2560w, https:\/\/momentumbusinesscenter.com\/wp-content\/uploads\/2025\/11\/Private-Interior-2-300x225.webp 300w, https:\/\/momentumbusinesscenter.com\/wp-content\/uploads\/2025\/11\/Private-Interior-2-1024x768.webp 1024w, https:\/\/momentumbusinesscenter.com\/wp-content\/uploads\/2025\/11\/Private-Interior-2-1536x1152.webp 1536w, https:\/\/momentumbusinesscenter.com\/wp-content\/uploads\/2025\/11\/Private-Interior-2-2048x1536.webp 2048w\" sizes=\"auto, (max-width: 2560px) 100vw, 2560px\" \/><\/div>\n<\/div>\n<\/section>\n<div class=\"clear\"><\/div>\n<section class=\"one-half\">\n<h2><strong>Escrit\u00f3rios J\u00fanior Privados<\/strong><\/h2>\n<p>Aproveite os benef\u00edcios de nosso escrit\u00f3rio privado mais econ\u00f4mico. Funciona perfeitamente para uma pessoa ou uma equipe de 2 pessoas.<\/p>\n<\/section>\n<section class=\"one-half column-last\">\n<div id=\"layerslider_7_1wiowi1tbylc5\" class=\"ls-wp-container fitvidsignore ls-selectable\" style=\"width:600px;height:336px;margin:0 auto;margin-bottom: 0px;\">\n<div class=\"ls-slide\" data-ls=\"bgsize:cover;duration:4000;\"><img loading=\"lazy\" decoding=\"async\" width=\"2560\" height=\"1920\" src=\"https:\/\/momentumbusinesscenter.com\/wp-content\/uploads\/2025\/11\/Junior-Office.webp\" class=\"ls-bg\" alt=\"\" srcset=\"https:\/\/momentumbusinesscenter.com\/wp-content\/uploads\/2025\/11\/Junior-Office.webp 2560w, https:\/\/momentumbusinesscenter.com\/wp-content\/uploads\/2025\/11\/Junior-Office-300x225.webp 300w, https:\/\/momentumbusinesscenter.com\/wp-content\/uploads\/2025\/11\/Junior-Office-1024x768.webp 1024w, https:\/\/momentumbusinesscenter.com\/wp-content\/uploads\/2025\/11\/Junior-Office-1536x1152.webp 1536w, https:\/\/momentumbusinesscenter.com\/wp-content\/uploads\/2025\/11\/Junior-Office-2048x1536.webp 2048w\" sizes=\"auto, (max-width: 2560px) 100vw, 2560px\" \/><\/div>\n<\/div>\n<\/section>\n<div class=\"clear\"><\/div>\n<section class=\"one-half\">\n<h2><strong>Esta\u00e7\u00f5es de Trabalho<\/strong><\/h2>\n<p>Se voc\u00ea precisar de um lugar para trabalhar longe de casa, ou voc\u00ea est\u00e1 come\u00e7ando um novo neg\u00f3cio em um or\u00e7amento, os nossas esta\u00e7\u00f5es de trabalho para 1 pessoa s\u00e3o uma op\u00e7\u00e3o confort\u00e1vel e econ\u00f4mica. Parti\u00e7\u00f5es divis\u00f3rias de vidro fosco separar am as esta\u00e7\u00f5es de trabalho, de modo que sua privacidade \u00e9 mantida sem comprometer a luz natural e a atmosfera aberta.<\/p>\n<p class=\"p1\"><\/section>\n<section class=\"one-half column-last\">\n<div id=\"layerslider_8_1px73jb37q8yv\" class=\"ls-wp-container fitvidsignore ls-selectable\" style=\"width:600px;height:336px;margin:0 auto;margin-bottom: 0px;\">\n<div class=\"ls-slide\" data-ls=\"bgsize:cover;duration:4000;\"><img loading=\"lazy\" decoding=\"async\" width=\"2560\" height=\"1920\" src=\"https:\/\/momentumbusinesscenter.com\/wp-content\/uploads\/2025\/11\/Workstations-1.webp\" class=\"ls-bg\" alt=\"\" srcset=\"https:\/\/momentumbusinesscenter.com\/wp-content\/uploads\/2025\/11\/Workstations-1.webp 2560w, https:\/\/momentumbusinesscenter.com\/wp-content\/uploads\/2025\/11\/Workstations-1-300x225.webp 300w, https:\/\/momentumbusinesscenter.com\/wp-content\/uploads\/2025\/11\/Workstations-1-1024x768.webp 1024w, https:\/\/momentumbusinesscenter.com\/wp-content\/uploads\/2025\/11\/Workstations-1-1536x1152.webp 1536w, https:\/\/momentumbusinesscenter.com\/wp-content\/uploads\/2025\/11\/Workstations-1-2048x1536.webp 2048w\" sizes=\"auto, (max-width: 2560px) 100vw, 2560px\" \/><\/div>\n<div class=\"ls-slide\" data-ls=\"bgsize:cover;duration:4000;\"><img loading=\"lazy\" decoding=\"async\" width=\"2560\" height=\"1920\" src=\"https:\/\/momentumbusinesscenter.com\/wp-content\/uploads\/2025\/11\/Workstations-2.webp\" class=\"ls-bg\" alt=\"\" srcset=\"https:\/\/momentumbusinesscenter.com\/wp-content\/uploads\/2025\/11\/Workstations-2.webp 2560w, https:\/\/momentumbusinesscenter.com\/wp-content\/uploads\/2025\/11\/Workstations-2-300x225.webp 300w, https:\/\/momentumbusinesscenter.com\/wp-content\/uploads\/2025\/11\/Workstations-2-1024x768.webp 1024w, https:\/\/momentumbusinesscenter.com\/wp-content\/uploads\/2025\/11\/Workstations-2-1536x1152.webp 1536w, https:\/\/momentumbusinesscenter.com\/wp-content\/uploads\/2025\/11\/Workstations-2-2048x1536.webp 2048w\" sizes=\"auto, (max-width: 2560px) 100vw, 2560px\" \/><\/div>\n<\/div>\n<\/section>\n<div class=\"clear\"><\/div>\n","protected":false},"excerpt":{"rendered":"","protected":false},"author":1,"featured_media":0,"parent":0,"menu_order":0,"comment_status":"open","ping_status":"open","template":"template-page-fullwidth.php","meta":{"footnotes":""},"class_list":["post-478","page","type-page","status-publish","hentry"],"_links":{"self":[{"href":"https:\/\/momentumbusinesscenter.com\/pt-br\/wp-json\/wp\/v2\/pages\/478","targetHints":{"allow":["GET"]}}],"collection":[{"href":"https:\/\/momentumbusinesscenter.com\/pt-br\/wp-json\/wp\/v2\/pages"}],"about":[{"href":"https:\/\/momentumbusinesscenter.com\/pt-br\/wp-json\/wp\/v2\/types\/page"}],"author":[{"embeddable":true,"href":"https:\/\/momentumbusinesscenter.com\/pt-br\/wp-json\/wp\/v2\/users\/1"}],"replies":[{"embeddable":true,"href":"https:\/\/momentumbusinesscenter.com\/pt-br\/wp-json\/wp\/v2\/comments?post=478"}],"version-history":[{"count":6,"href":"https:\/\/momentumbusinesscenter.com\/pt-br\/wp-json\/wp\/v2\/pages\/478\/revisions"}],"predecessor-version":[{"id":735,"href":"https:\/\/momentumbusinesscenter.com\/pt-br\/wp-json\/wp\/v2\/pages\/478\/revisions\/735"}],"wp:attachment":[{"href":"https:\/\/momentumbusinesscenter.com\/pt-br\/wp-json\/wp\/v2\/media?parent=478"}],"curies":[{"name":"wp","href":"https:\/\/api.w.org\/{rel}","templated":true}]}}